{"id":18538,"date":"2020-01-15T11:13:14","date_gmt":"2020-01-15T10:13:14","guid":{"rendered":"https:\/\/fahrdienst-schoenberger.eu\/?page_id=18538"},"modified":"2022-11-09T14:55:10","modified_gmt":"2022-11-09T13:55:10","slug":"angebotspreis","status":"publish","type":"page","link":"https:\/\/fahrdienst-schoenberger.eu\/en\/angebotspreis\/","title":{"rendered":"Angebotspreis"},"content":{"rendered":"<p><span style=\"font-size: 14pt;\">Unser\u00a0<strong>Flughafentransfer Sch\u00f6nberger <\/strong>bietet Ihnen ein umfangreiches Angebotspreis an Fahrdienstleistungen.<\/span><\/p>\n<p><span style=\"font-size: 14pt;\">Eines unserer Hauptgesch\u00e4ftsfelder sind Fahrdienstleistungen Flughafentransfer bzw. Fahrservices f\u00fcr Kongresse und Firmen Events in Fahrzeugen der Economy Class und Business Class in Augsburg, M\u00fcnchen und Umgebung. F\u00fcr Kleingruppen oder auch gr\u00f6\u00dferen Familien bieten wir einen komfortablen und zuverl\u00e4ssigen Fahrservice in Van (Mercedes Vito Lang) bis 8 Personen an. Kindersitze und Babyschalen sind ausreichend vorhanden.<\/span><\/p>\n<p><strong><span style=\"font-size: 18pt; color: #ff0000;\">Flughafen Fahrten<\/span><\/strong><\/p>\n<p><strong><span style=\"font-size: 18pt; color: #ff0000;\">Events Fahrten<\/span><\/strong><\/p>\n<p><strong><span style=\"font-size: 18pt; color: #ff0000;\">Kongress Fahrten<\/span><\/strong><\/p>\n<p><strong><span style=\"font-size: 18pt; color: #ff0000;\">Messe M\u00fcnchen Fahrten<\/span><\/strong><\/p>\n<p><strong><span style=\"font-size: 18pt; color: #ff0000;\">Meetings Fahrten<\/span><\/strong><\/p>\n<p><strong><span style=\"font-size: 18pt; color: #ff0000;\">Individual Fahrten<\/span><\/strong><\/p>\n<p><strong><span style=\"font-size: 18pt; color: #ff0000;\">Krankenhaus Fahrten<\/span><\/strong><\/p>\n<p><strong><span style=\"font-size: 18pt; color: #ff0000;\">Reha Fahrten &#8211; Kurfahrten<\/span><\/strong><\/p>\n<p><strong><span style=\"font-size: 18pt; color: #ff0000;\">Kurier Fahrten<\/span><\/strong><\/p>\n<p><span style=\"font-size: 14pt;\">Preis Garantie mit unserem Online Preisrechner k\u00f6nnen Sie Ihren Preis f\u00fcr den Fahrt mit dem <strong>Fahrdienst Sch\u00f6nberger<\/strong> absolut einfach und selbst schnell bei uns ausrechnen und Bestellen.Kalkulieren Sie Ihren Angebotspreis<\/span><\/p>\n<p><span style=\"font-size: 14pt;\">Gerne k\u00f6nnen Sie unser Online-Buchung (00:00 &#8211; 24:00 ) nutzen.<\/span><\/p>\n<p><span style=\"font-size: 18pt;\"><a href=\"https:\/\/fahrdienst-schoenberger.eu\/webbooking\">Online Preise &amp; Buchung<\/a><\/span><\/p>\n","protected":false},"excerpt":{"rendered":"<p>Unser\u00a0Flughafentransfer Sch\u00f6nberger bietet Ihnen ein umfangreiches Angebotspreis an Fahrdienstleistungen. Eines unserer Hauptgesch\u00e4ftsfelder sind Fahrdienstleistungen Flughafentransfer bzw. Fahrservices f\u00fcr Kongresse und Firmen Events in Fahrzeugen der Economy Class und Business Class in Augsburg, M\u00fcnchen und Umgebung. F\u00fcr Kleingruppen oder auch gr\u00f6\u00dferen Familien bieten wir einen komfortablen und zuverl\u00e4ssigen Fahrservice in Van (Mercedes Vito Lang) bis 8 &hellip;<\/p>\n","protected":false},"author":1,"featured_media":0,"parent":0,"menu_order":4,"comment_status":"closed","ping_status":"closed","template":"","meta":{"_acf_changed":false,"footnotes":""},"class_list":["post-18538","page","type-page","status-publish","hentry"],"acf":[],"yoast_head":"<!-- This site is optimized with the Yoast SEO Premium plugin v19.6 (Yoast SEO v27.3) - https:\/\/yoast.com\/product\/yoast-seo-premium-wordpress\/ -->\n<title>Angebotspreis | Augsburg | Munich| Airport Shuttle | Web Booking<\/title>\n<meta name=\"description\" content=\"Flughafentransfer Landsberg | Schwabm\u00fcnchen | Donauw\u00f6rth | G\u00fcnzburg | Ulm | Kaufbeuren | Burgau | Krumbach | Ingolstadt | Angebotspreis\" \/>\n<meta name=\"robots\" content=\"index, follow, max-snippet:-1, max-image-preview:large, max-video-preview:-1\" \/>\n<link rel=\"canonical\" href=\"https:\/\/fahrdienst-schoenberger.eu\/en\/angebotspreis\/\" \/>\n<meta property=\"og:locale\" content=\"en_US\" \/>\n<meta property=\"og:type\" content=\"article\" \/>\n<meta property=\"og:title\" content=\"Angebotspreis\" \/>\n<meta property=\"og:description\" content=\"Flughafentransfer Landsberg | Schwabm\u00fcnchen | Donauw\u00f6rth | G\u00fcnzburg | Ulm | Kaufbeuren | Burgau | Krumbach | Ingolstadt | Angebotspreis\" \/>\n<meta property=\"og:url\" content=\"https:\/\/fahrdienst-schoenberger.eu\/en\/angebotspreis\/\" \/>\n<meta property=\"og:site_name\" content=\"Fahrdienst Sch\u00f6nberger GmbH\" \/>\n<meta property=\"article:publisher\" content=\"https:\/\/www.facebook.com\/profile.php?id=100088129701829\" \/>\n<meta property=\"article:modified_time\" content=\"2022-11-09T13:55:10+00:00\" \/>\n<meta property=\"og:image\" content=\"https:\/\/fahrdienst-schoenberger.eu\/_mamawp\/wp-content\/uploads\/2022\/07\/bild-firma1.jpeg\" \/>\n\t<meta property=\"og:image:width\" content=\"870\" \/>\n\t<meta property=\"og:image:height\" content=\"524\" \/>\n\t<meta property=\"og:image:type\" content=\"image\/jpeg\" \/>\n<meta name=\"twitter:label1\" content=\"Est. reading time\" \/>\n\t<meta name=\"twitter:data1\" content=\"1 minute\" \/>\n<script type=\"application\/ld+json\" class=\"yoast-schema-graph\">{\"@context\":\"https:\\\/\\\/schema.org\",\"@graph\":[{\"@type\":\"WebPage\",\"@id\":\"https:\\\/\\\/fahrdienst-schoenberger.eu\\\/en\\\/angebotspreis\\\/\",\"url\":\"https:\\\/\\\/fahrdienst-schoenberger.eu\\\/en\\\/angebotspreis\\\/\",\"name\":\"Angebotspreis | Augsburg | Munich| Airport Shuttle | Web Booking\",\"isPartOf\":{\"@id\":\"https:\\\/\\\/fahrdienst-schoenberger.eu\\\/en\\\/#website\"},\"datePublished\":\"2020-01-15T10:13:14+00:00\",\"dateModified\":\"2022-11-09T13:55:10+00:00\",\"description\":\"Flughafentransfer Landsberg | Schwabm\u00fcnchen | Donauw\u00f6rth | G\u00fcnzburg | Ulm | Kaufbeuren | Burgau | Krumbach | Ingolstadt | Angebotspreis\",\"inLanguage\":\"en-US\",\"potentialAction\":[{\"@type\":\"ReadAction\",\"target\":[\"https:\\\/\\\/fahrdienst-schoenberger.eu\\\/en\\\/angebotspreis\\\/\"]}]},{\"@type\":\"WebSite\",\"@id\":\"https:\\\/\\\/fahrdienst-schoenberger.eu\\\/en\\\/#website\",\"url\":\"https:\\\/\\\/fahrdienst-schoenberger.eu\\\/en\\\/\",\"name\":\"Fahrdienst Sch\u00f6nberger GmbH\",\"description\":\"\",\"publisher\":{\"@id\":\"https:\\\/\\\/fahrdienst-schoenberger.eu\\\/en\\\/#organization\"},\"potentialAction\":[{\"@type\":\"SearchAction\",\"target\":{\"@type\":\"EntryPoint\",\"urlTemplate\":\"https:\\\/\\\/fahrdienst-schoenberger.eu\\\/en\\\/?s={search_term_string}\"},\"query-input\":{\"@type\":\"PropertyValueSpecification\",\"valueRequired\":true,\"valueName\":\"search_term_string\"}}],\"inLanguage\":\"en-US\"},{\"@type\":\"Organization\",\"@id\":\"https:\\\/\\\/fahrdienst-schoenberger.eu\\\/en\\\/#organization\",\"name\":\"Fahrdienst Sch\u00f6nberger\",\"url\":\"https:\\\/\\\/fahrdienst-schoenberger.eu\\\/en\\\/\",\"logo\":{\"@type\":\"ImageObject\",\"inLanguage\":\"en-US\",\"@id\":\"https:\\\/\\\/fahrdienst-schoenberger.eu\\\/en\\\/#\\\/schema\\\/logo\\\/image\\\/\",\"url\":\"https:\\\/\\\/fahrdienst-schoenberger.eu\\\/_mamawp\\\/wp-content\\\/uploads\\\/2014\\\/01\\\/Logo-1.png\",\"contentUrl\":\"https:\\\/\\\/fahrdienst-schoenberger.eu\\\/_mamawp\\\/wp-content\\\/uploads\\\/2014\\\/01\\\/Logo-1.png\",\"width\":121,\"height\":146,\"caption\":\"Fahrdienst Sch\u00f6nberger\"},\"image\":{\"@id\":\"https:\\\/\\\/fahrdienst-schoenberger.eu\\\/en\\\/#\\\/schema\\\/logo\\\/image\\\/\"},\"sameAs\":[\"https:\\\/\\\/www.facebook.com\\\/profile.php?id=100088129701829\"]}]}<\/script>\n<!-- \/ Yoast SEO Premium plugin. -->","yoast_head_json":{"title":"Angebotspreis | Augsburg | Munich| Airport Shuttle | Web Booking","description":"Flughafentransfer Landsberg | Schwabm\u00fcnchen | Donauw\u00f6rth | G\u00fcnzburg | Ulm | Kaufbeuren | Burgau | Krumbach | Ingolstadt | Angebotspreis","robots":{"index":"index","follow":"follow","max-snippet":"max-snippet:-1","max-image-preview":"max-image-preview:large","max-video-preview":"max-video-preview:-1"},"canonical":"https:\/\/fahrdienst-schoenberger.eu\/en\/angebotspreis\/","og_locale":"en_US","og_type":"article","og_title":"Angebotspreis","og_description":"Flughafentransfer Landsberg | Schwabm\u00fcnchen | Donauw\u00f6rth | G\u00fcnzburg | Ulm | Kaufbeuren | Burgau | Krumbach | Ingolstadt | Angebotspreis","og_url":"https:\/\/fahrdienst-schoenberger.eu\/en\/angebotspreis\/","og_site_name":"Fahrdienst Sch\u00f6nberger GmbH","article_publisher":"https:\/\/www.facebook.com\/profile.php?id=100088129701829","article_modified_time":"2022-11-09T13:55:10+00:00","og_image":[{"width":870,"height":524,"url":"https:\/\/fahrdienst-schoenberger.eu\/_mamawp\/wp-content\/uploads\/2022\/07\/bild-firma1.jpeg","type":"image\/jpeg"}],"twitter_misc":{"Est. reading time":"1 minute"},"schema":{"@context":"https:\/\/schema.org","@graph":[{"@type":"WebPage","@id":"https:\/\/fahrdienst-schoenberger.eu\/en\/angebotspreis\/","url":"https:\/\/fahrdienst-schoenberger.eu\/en\/angebotspreis\/","name":"Angebotspreis | Augsburg | Munich| Airport Shuttle | Web Booking","isPartOf":{"@id":"https:\/\/fahrdienst-schoenberger.eu\/en\/#website"},"datePublished":"2020-01-15T10:13:14+00:00","dateModified":"2022-11-09T13:55:10+00:00","description":"Flughafentransfer Landsberg | Schwabm\u00fcnchen | Donauw\u00f6rth | G\u00fcnzburg | Ulm | Kaufbeuren | Burgau | Krumbach | Ingolstadt | Angebotspreis","inLanguage":"en-US","potentialAction":[{"@type":"ReadAction","target":["https:\/\/fahrdienst-schoenberger.eu\/en\/angebotspreis\/"]}]},{"@type":"WebSite","@id":"https:\/\/fahrdienst-schoenberger.eu\/en\/#website","url":"https:\/\/fahrdienst-schoenberger.eu\/en\/","name":"Fahrdienst Sch\u00f6nberger GmbH","description":"","publisher":{"@id":"https:\/\/fahrdienst-schoenberger.eu\/en\/#organization"},"potentialAction":[{"@type":"SearchAction","target":{"@type":"EntryPoint","urlTemplate":"https:\/\/fahrdienst-schoenberger.eu\/en\/?s={search_term_string}"},"query-input":{"@type":"PropertyValueSpecification","valueRequired":true,"valueName":"search_term_string"}}],"inLanguage":"en-US"},{"@type":"Organization","@id":"https:\/\/fahrdienst-schoenberger.eu\/en\/#organization","name":"Fahrdienst Sch\u00f6nberger","url":"https:\/\/fahrdienst-schoenberger.eu\/en\/","logo":{"@type":"ImageObject","inLanguage":"en-US","@id":"https:\/\/fahrdienst-schoenberger.eu\/en\/#\/schema\/logo\/image\/","url":"https:\/\/fahrdienst-schoenberger.eu\/_mamawp\/wp-content\/uploads\/2014\/01\/Logo-1.png","contentUrl":"https:\/\/fahrdienst-schoenberger.eu\/_mamawp\/wp-content\/uploads\/2014\/01\/Logo-1.png","width":121,"height":146,"caption":"Fahrdienst Sch\u00f6nberger"},"image":{"@id":"https:\/\/fahrdienst-schoenberger.eu\/en\/#\/schema\/logo\/image\/"},"sameAs":["https:\/\/www.facebook.com\/profile.php?id=100088129701829"]}]}},"_links":{"self":[{"href":"https:\/\/fahrdienst-schoenberger.eu\/en\/wp-json\/wp\/v2\/pages\/18538","targetHints":{"allow":["GET"]}}],"collection":[{"href":"https:\/\/fahrdienst-schoenberger.eu\/en\/wp-json\/wp\/v2\/pages"}],"about":[{"href":"https:\/\/fahrdienst-schoenberger.eu\/en\/wp-json\/wp\/v2\/types\/page"}],"author":[{"embeddable":true,"href":"https:\/\/fahrdienst-schoenberger.eu\/en\/wp-json\/wp\/v2\/users\/1"}],"replies":[{"embeddable":true,"href":"https:\/\/fahrdienst-schoenberger.eu\/en\/wp-json\/wp\/v2\/comments?post=18538"}],"version-history":[{"count":0,"href":"https:\/\/fahrdienst-schoenberger.eu\/en\/wp-json\/wp\/v2\/pages\/18538\/revisions"}],"wp:attachment":[{"href":"https:\/\/fahrdienst-schoenberger.eu\/en\/wp-json\/wp\/v2\/media?parent=18538"}],"curies":[{"name":"wp","href":"https:\/\/api.w.org\/{rel}","templated":true}]}}