{"id":27053,"date":"2022-05-17T21:00:33","date_gmt":"2022-05-17T19:00:33","guid":{"rendered":"https:\/\/fahrdienst-schoenberger.eu\/online-preise-buchung\/"},"modified":"2022-12-19T15:46:47","modified_gmt":"2022-12-19T14:46:47","slug":"online-preise-buchung","status":"publish","type":"page","link":"https:\/\/fahrdienst-schoenberger.eu\/en\/online-preise-buchung\/","title":{"rendered":"Online booking"},"content":{"rendered":"<style><span style=\"display: inline-block; width: 0px; overflow: hidden; line-height: 0;\" data-mce-type=\"bookmark\" class=\"mce_SELRES_start\">\ufeff<\/span><span data-mce-type=\"bookmark\" style=\"display: inline-block; width: 0px; overflow: hidden; line-height: 0;\" class=\"mce_SELRES_start\">\ufeff<\/span>\ufeff.gcp-mywidth-content {max-width:1600px;} .block-main-article.block-main-article--page-detail{padding:2px 2px;} .block-post-reader{max-width:1600px;} .myArchive-wrapper{display:none;} .gutter-bottom-large {padding-bottom: 50px;display: none;}<\/style>\n<p><iframe id=\"fdoIFrame\" style=\"width: 100%; height: 2100px;\" src=\"https:\/\/schoenberger.site\/_assets\/web_booking\/index_en.html\" frameborder=\"0\"><\/iframe><\/p>\n<p>&nbsp;<\/p>\n<p>&nbsp;<\/p>\n<p>&nbsp;<\/p>\n<h1><\/h1>\n<h1>Airport Transfer Augsburg<\/h1>\n<h1>Shuttle Service Augsburg<\/h1>\n<h1>Airport Shuttle Munich<\/h1>\n<h1>Airport Taxi Munich<\/h1>\n<h1>Airport Service Munich<\/h1>\n<h1>Airport Munich<\/h1>\n<h1>Transfer Munich<\/h1>\n<h3>Augsburg<\/h3>\n<h3>Salzburg<\/h3>\n<h3>K\u00f6nigsbrunn<\/h3>\n<h3>N\u00fcremberg<\/h3>\n<h3>Donauw\u00f6rth<\/h3>\n","protected":false},"excerpt":{"rendered":"<p>&nbsp; &nbsp; &nbsp; Airport Transfer Augsburg Shuttle Service Augsburg Airport Shuttle Munich Airport Taxi Munich Airport Service Munich Airport Munich Transfer Munich Augsburg Salzburg K\u00f6nigsbrunn N\u00fcremberg Donauw\u00f6rth<\/p>\n","protected":false},"author":2,"featured_media":0,"parent":0,"menu_order":1,"comment_status":"closed","ping_status":"closed","template":"","meta":{"_acf_changed":false,"footnotes":""},"class_list":["post-27053","page","type-page","status-publish","hentry"],"acf":[],"yoast_head":"<!-- This site is optimized with the Yoast SEO Premium plugin v19.6 (Yoast SEO v27.4) - https:\/\/yoast.com\/product\/yoast-seo-premium-wordpress\/ -->\n<title>Online Booking | Shuttle Service | Munich | Augsburg | Memmingen<\/title>\n<meta name=\"description\" content=\"Online Booking - Airport Shuttle transfer easy and fast.\u2713 Munich \u2713 Augsburg \u2713 Memmingen \u2713 Salzburg \u2713 Ingolstadt \u2713 reliable \u2713 fixed prices\" \/>\n<meta name=\"robots\" content=\"index, follow, max-snippet:-1, max-image-preview:large, max-video-preview:-1\" \/>\n<link rel=\"canonical\" href=\"https:\/\/fahrdienst-schoenberger.eu\/en\/online-preise-buchung\/\" \/>\n<meta property=\"og:locale\" content=\"en_US\" \/>\n<meta property=\"og:type\" content=\"article\" \/>\n<meta property=\"og:title\" content=\"Online booking\" \/>\n<meta property=\"og:description\" content=\"Online Booking - Airport Shuttle transfer easy and fast.\u2713 Munich \u2713 Augsburg \u2713 Memmingen \u2713 Salzburg \u2713 Ingolstadt \u2713 reliable \u2713 fixed prices\" \/>\n<meta property=\"og:url\" content=\"https:\/\/fahrdienst-schoenberger.eu\/en\/online-preise-buchung\/\" \/>\n<meta property=\"og:site_name\" content=\"Fahrdienst Sch\u00f6nberger GmbH\" \/>\n<meta property=\"article:publisher\" content=\"https:\/\/www.facebook.com\/profile.php?id=100088129701829\" \/>\n<meta property=\"article:modified_time\" content=\"2022-12-19T14:46:47+00:00\" \/>\n<meta property=\"og:image\" content=\"https:\/\/fahrdienst-schoenberger.eu\/_mamawp\/wp-content\/uploads\/2022\/07\/bild-firma1.jpeg\" \/>\n\t<meta property=\"og:image:width\" content=\"870\" \/>\n\t<meta property=\"og:image:height\" content=\"524\" \/>\n\t<meta property=\"og:image:type\" content=\"image\/jpeg\" \/>\n<script type=\"application\/ld+json\" class=\"yoast-schema-graph\">{\"@context\":\"https:\\\/\\\/schema.org\",\"@graph\":[{\"@type\":\"WebPage\",\"@id\":\"https:\\\/\\\/fahrdienst-schoenberger.eu\\\/en\\\/online-preise-buchung\\\/\",\"url\":\"https:\\\/\\\/fahrdienst-schoenberger.eu\\\/en\\\/online-preise-buchung\\\/\",\"name\":\"Online Booking | Shuttle Service | Munich | Augsburg | Memmingen\",\"isPartOf\":{\"@id\":\"https:\\\/\\\/fahrdienst-schoenberger.eu\\\/en\\\/#website\"},\"datePublished\":\"2022-05-17T19:00:33+00:00\",\"dateModified\":\"2022-12-19T14:46:47+00:00\",\"description\":\"Online Booking - Airport Shuttle transfer easy and fast.\u2713 Munich \u2713 Augsburg \u2713 Memmingen \u2713 Salzburg \u2713 Ingolstadt \u2713 reliable \u2713 fixed prices\",\"inLanguage\":\"en-US\",\"potentialAction\":[{\"@type\":\"ReadAction\",\"target\":[\"https:\\\/\\\/fahrdienst-schoenberger.eu\\\/en\\\/online-preise-buchung\\\/\"]}]},{\"@type\":\"WebSite\",\"@id\":\"https:\\\/\\\/fahrdienst-schoenberger.eu\\\/en\\\/#website\",\"url\":\"https:\\\/\\\/fahrdienst-schoenberger.eu\\\/en\\\/\",\"name\":\"Fahrdienst Sch\u00f6nberger GmbH\",\"description\":\"\",\"publisher\":{\"@id\":\"https:\\\/\\\/fahrdienst-schoenberger.eu\\\/en\\\/#organization\"},\"potentialAction\":[{\"@type\":\"SearchAction\",\"target\":{\"@type\":\"EntryPoint\",\"urlTemplate\":\"https:\\\/\\\/fahrdienst-schoenberger.eu\\\/en\\\/?s={search_term_string}\"},\"query-input\":{\"@type\":\"PropertyValueSpecification\",\"valueRequired\":true,\"valueName\":\"search_term_string\"}}],\"inLanguage\":\"en-US\"},{\"@type\":\"Organization\",\"@id\":\"https:\\\/\\\/fahrdienst-schoenberger.eu\\\/en\\\/#organization\",\"name\":\"Fahrdienst Sch\u00f6nberger\",\"url\":\"https:\\\/\\\/fahrdienst-schoenberger.eu\\\/en\\\/\",\"logo\":{\"@type\":\"ImageObject\",\"inLanguage\":\"en-US\",\"@id\":\"https:\\\/\\\/fahrdienst-schoenberger.eu\\\/en\\\/#\\\/schema\\\/logo\\\/image\\\/\",\"url\":\"https:\\\/\\\/fahrdienst-schoenberger.eu\\\/_mamawp\\\/wp-content\\\/uploads\\\/2014\\\/01\\\/Logo-1.png\",\"contentUrl\":\"https:\\\/\\\/fahrdienst-schoenberger.eu\\\/_mamawp\\\/wp-content\\\/uploads\\\/2014\\\/01\\\/Logo-1.png\",\"width\":121,\"height\":146,\"caption\":\"Fahrdienst Sch\u00f6nberger\"},\"image\":{\"@id\":\"https:\\\/\\\/fahrdienst-schoenberger.eu\\\/en\\\/#\\\/schema\\\/logo\\\/image\\\/\"},\"sameAs\":[\"https:\\\/\\\/www.facebook.com\\\/profile.php?id=100088129701829\"]}]}<\/script>\n<!-- \/ Yoast SEO Premium plugin. -->","yoast_head_json":{"title":"Online Booking | Shuttle Service | Munich | Augsburg | Memmingen","description":"Online Booking - Airport Shuttle transfer easy and fast.\u2713 Munich \u2713 Augsburg \u2713 Memmingen \u2713 Salzburg \u2713 Ingolstadt \u2713 reliable \u2713 fixed prices","robots":{"index":"index","follow":"follow","max-snippet":"max-snippet:-1","max-image-preview":"max-image-preview:large","max-video-preview":"max-video-preview:-1"},"canonical":"https:\/\/fahrdienst-schoenberger.eu\/en\/online-preise-buchung\/","og_locale":"en_US","og_type":"article","og_title":"Online booking","og_description":"Online Booking - Airport Shuttle transfer easy and fast.\u2713 Munich \u2713 Augsburg \u2713 Memmingen \u2713 Salzburg \u2713 Ingolstadt \u2713 reliable \u2713 fixed prices","og_url":"https:\/\/fahrdienst-schoenberger.eu\/en\/online-preise-buchung\/","og_site_name":"Fahrdienst Sch\u00f6nberger GmbH","article_publisher":"https:\/\/www.facebook.com\/profile.php?id=100088129701829","article_modified_time":"2022-12-19T14:46:47+00:00","og_image":[{"width":870,"height":524,"url":"https:\/\/fahrdienst-schoenberger.eu\/_mamawp\/wp-content\/uploads\/2022\/07\/bild-firma1.jpeg","type":"image\/jpeg"}],"schema":{"@context":"https:\/\/schema.org","@graph":[{"@type":"WebPage","@id":"https:\/\/fahrdienst-schoenberger.eu\/en\/online-preise-buchung\/","url":"https:\/\/fahrdienst-schoenberger.eu\/en\/online-preise-buchung\/","name":"Online Booking | Shuttle Service | Munich | Augsburg | Memmingen","isPartOf":{"@id":"https:\/\/fahrdienst-schoenberger.eu\/en\/#website"},"datePublished":"2022-05-17T19:00:33+00:00","dateModified":"2022-12-19T14:46:47+00:00","description":"Online Booking - Airport Shuttle transfer easy and fast.\u2713 Munich \u2713 Augsburg \u2713 Memmingen \u2713 Salzburg \u2713 Ingolstadt \u2713 reliable \u2713 fixed prices","inLanguage":"en-US","potentialAction":[{"@type":"ReadAction","target":["https:\/\/fahrdienst-schoenberger.eu\/en\/online-preise-buchung\/"]}]},{"@type":"WebSite","@id":"https:\/\/fahrdienst-schoenberger.eu\/en\/#website","url":"https:\/\/fahrdienst-schoenberger.eu\/en\/","name":"Fahrdienst Sch\u00f6nberger GmbH","description":"","publisher":{"@id":"https:\/\/fahrdienst-schoenberger.eu\/en\/#organization"},"potentialAction":[{"@type":"SearchAction","target":{"@type":"EntryPoint","urlTemplate":"https:\/\/fahrdienst-schoenberger.eu\/en\/?s={search_term_string}"},"query-input":{"@type":"PropertyValueSpecification","valueRequired":true,"valueName":"search_term_string"}}],"inLanguage":"en-US"},{"@type":"Organization","@id":"https:\/\/fahrdienst-schoenberger.eu\/en\/#organization","name":"Fahrdienst Sch\u00f6nberger","url":"https:\/\/fahrdienst-schoenberger.eu\/en\/","logo":{"@type":"ImageObject","inLanguage":"en-US","@id":"https:\/\/fahrdienst-schoenberger.eu\/en\/#\/schema\/logo\/image\/","url":"https:\/\/fahrdienst-schoenberger.eu\/_mamawp\/wp-content\/uploads\/2014\/01\/Logo-1.png","contentUrl":"https:\/\/fahrdienst-schoenberger.eu\/_mamawp\/wp-content\/uploads\/2014\/01\/Logo-1.png","width":121,"height":146,"caption":"Fahrdienst Sch\u00f6nberger"},"image":{"@id":"https:\/\/fahrdienst-schoenberger.eu\/en\/#\/schema\/logo\/image\/"},"sameAs":["https:\/\/www.facebook.com\/profile.php?id=100088129701829"]}]}},"_links":{"self":[{"href":"https:\/\/fahrdienst-schoenberger.eu\/en\/wp-json\/wp\/v2\/pages\/27053","targetHints":{"allow":["GET"]}}],"collection":[{"href":"https:\/\/fahrdienst-schoenberger.eu\/en\/wp-json\/wp\/v2\/pages"}],"about":[{"href":"https:\/\/fahrdienst-schoenberger.eu\/en\/wp-json\/wp\/v2\/types\/page"}],"author":[{"embeddable":true,"href":"https:\/\/fahrdienst-schoenberger.eu\/en\/wp-json\/wp\/v2\/users\/2"}],"replies":[{"embeddable":true,"href":"https:\/\/fahrdienst-schoenberger.eu\/en\/wp-json\/wp\/v2\/comments?post=27053"}],"version-history":[{"count":0,"href":"https:\/\/fahrdienst-schoenberger.eu\/en\/wp-json\/wp\/v2\/pages\/27053\/revisions"}],"wp:attachment":[{"href":"https:\/\/fahrdienst-schoenberger.eu\/en\/wp-json\/wp\/v2\/media?parent=27053"}],"curies":[{"name":"wp","href":"https:\/\/api.w.org\/{rel}","templated":true}]}}